{"id":92,"date":"2016-10-26T10:49:45","date_gmt":"2016-10-26T12:49:45","guid":{"rendered":"http:\/\/levycorrea.com.br\/?page_id=92"},"modified":"2023-08-03T15:51:10","modified_gmt":"2023-08-03T18:51:10","slug":"coaching-pessoal-e-profissional","status":"publish","type":"page","link":"https:\/\/levycorrea.com.br\/2016\/coaching-pessoal-e-profissional\/","title":{"rendered":"Mentoria Pessoal e Profissional"},"content":{"rendered":"<p><img loading=\"lazy\" decoding=\"async\" class=\"alignnone size-medium wp-image-144\" src=\"http:\/\/levycorrea.com.br\/2016\/wp-content\/uploads\/2017\/01\/IMG_9799a-200x300.jpg\" alt=\"\" width=\"200\" height=\"300\" srcset=\"https:\/\/levycorrea.com.br\/2016\/wp-content\/uploads\/2017\/01\/IMG_9799a-200x300.jpg 200w, https:\/\/levycorrea.com.br\/2016\/wp-content\/uploads\/2017\/01\/IMG_9799a-768x1152.jpg 768w, https:\/\/levycorrea.com.br\/2016\/wp-content\/uploads\/2017\/01\/IMG_9799a-683x1024.jpg 683w\" sizes=\"auto, (max-width: 200px) 100vw, 200px\" \/><\/p>\n<p><strong>Levy Corr\u00eaa<\/strong><\/p>\n<p><strong>Desenvolvimento de pessoas diante de objetivos e metas.<\/strong><\/p>\n<p>O mentor \u00e9 um profissional com base te\u00f3rica s\u00f3lida sobre comportamento humano e treinado para atuar na obten\u00e7\u00e3o de resultados. Poder\u00edamos dizer que faz exatamente o que um treinador esportivo faz: planeja o futuro, oferece recursos, tira limita\u00e7\u00f5es e, principalmente, encoraja e desafia a pessoa para obter mais dela mesma, de forma consciente, e conquistar excelentes realiza\u00e7\u00f5es.<\/p>\n<p>&nbsp;<\/p>\n<p><img loading=\"lazy\" decoding=\"async\" class=\"size-medium wp-image-162 aligncenter\" src=\"http:\/\/levycorrea.com.br\/2016\/wp-content\/uploads\/2017\/02\/Divulga_coaching-300x200.jpg\" alt=\"\" width=\"300\" height=\"200\" srcset=\"https:\/\/levycorrea.com.br\/2016\/wp-content\/uploads\/2017\/02\/Divulga_coaching-300x200.jpg 300w, https:\/\/levycorrea.com.br\/2016\/wp-content\/uploads\/2017\/02\/Divulga_coaching-768x512.jpg 768w, https:\/\/levycorrea.com.br\/2016\/wp-content\/uploads\/2017\/02\/Divulga_coaching-1024x683.jpg 1024w, https:\/\/levycorrea.com.br\/2016\/wp-content\/uploads\/2017\/02\/Divulga_coaching-600x400.jpg 600w, https:\/\/levycorrea.com.br\/2016\/wp-content\/uploads\/2017\/02\/Divulga_coaching.jpg 1200w\" sizes=\"auto, (max-width: 300px) 100vw, 300px\" \/><\/p>\n<p>Trata-se de uma assessoria pessoal e profissional que combina pr\u00e1tica e procedimentos distintos, visando dar suporte \u00e0s pessoas para que criem uma vida ideal. O trabalhog leva o cliente a novos entendimentos, alternativas e op\u00e7\u00f5es capazes de fazer com que ele amplie suas realiza\u00e7\u00f5es e conquistas.<\/p>\n<p>&nbsp;<\/p>\n<p><img loading=\"lazy\" decoding=\"async\" class=\"size-medium wp-image-126 aligncenter\" src=\"http:\/\/levycorrea.com.br\/2016\/wp-content\/uploads\/2016\/10\/Leao_Correa-300x300.jpg\" alt=\"\" width=\"300\" height=\"300\" srcset=\"https:\/\/levycorrea.com.br\/2016\/wp-content\/uploads\/2016\/10\/Leao_Correa-300x300.jpg 300w, https:\/\/levycorrea.com.br\/2016\/wp-content\/uploads\/2016\/10\/Leao_Correa-150x150.jpg 150w, https:\/\/levycorrea.com.br\/2016\/wp-content\/uploads\/2016\/10\/Leao_Correa.jpg 720w\" sizes=\"auto, (max-width: 300px) 100vw, 300px\" \/><\/p>\n<p>Um t\u00e9cnico n\u00e3o faz a jornada pelo atleta, mas est\u00e1 presente em todos os est\u00e1gios, encorajando-o, motivando-o, corrigindo seus erros e, sobretudo, oferecendo todo seu conhecimento para que o atleta possa romper seu pr\u00f3prio limite e conquistar o que foi planejado. Esse \u00e9 o papel do mentor.<\/p>\n<p>&nbsp;<\/p>\n<p><img loading=\"lazy\" decoding=\"async\" class=\"size-medium wp-image-65 aligncenter\" src=\"http:\/\/levycorrea.com.br\/2016\/wp-content\/uploads\/2016\/10\/WhatsApp-Image-2016-10-24-at-10.52.49-290x300.jpeg\" alt=\"\" width=\"290\" height=\"300\" srcset=\"https:\/\/levycorrea.com.br\/2016\/wp-content\/uploads\/2016\/10\/WhatsApp-Image-2016-10-24-at-10.52.49-290x300.jpeg 290w, https:\/\/levycorrea.com.br\/2016\/wp-content\/uploads\/2016\/10\/WhatsApp-Image-2016-10-24-at-10.52.49.jpeg 377w\" sizes=\"auto, (max-width: 290px) 100vw, 290px\" \/><\/p>\n<blockquote><p>&nbsp;<\/p>\n<p><strong>Acesse potencialidades pessoais para ficar mais pr\u00f3ximo das suas metas, aprimorando compet\u00eancias comportamentais que impactam na melhoria da performance.<\/strong><\/p><\/blockquote>\n<p>E mais\u2026<\/p>\n<p><em><strong>Assessoria no suporte e sele\u00e7\u00e3o de profissionais;<\/strong><\/em><\/p>\n<p><em><strong>Desenvolvimento de times para a alta performance, aumentando a energia e produtividade de equipes de trabalho;<\/strong><\/em><\/p>\n<p><em><strong>Assessment profissional, identificando potencialidades para o desenvolvimento profissional e maior engajamento.<\/strong><\/em><\/p>\n<p>&nbsp;<\/p>\n<h2 style=\"text-align: center;\"><em><strong>Depoimentos de clientes de coaching:<\/strong><\/em><\/h2>\n<p>Magda Medeiros &#8211; Empreendedora<\/p>\n<figure id=\"attachment_219\" aria-describedby=\"caption-attachment-219\" style=\"width: 150px\" class=\"wp-caption aligncenter\"><img loading=\"lazy\" decoding=\"async\" class=\"size-thumbnail wp-image-219\" src=\"http:\/\/levycorrea.com.br\/2016\/wp-content\/uploads\/2017\/11\/Magda_Medeiros_Cliente_Coaching-150x150.jpg\" alt=\"\" width=\"150\" height=\"150\" srcset=\"https:\/\/levycorrea.com.br\/2016\/wp-content\/uploads\/2017\/11\/Magda_Medeiros_Cliente_Coaching-150x150.jpg 150w, https:\/\/levycorrea.com.br\/2016\/wp-content\/uploads\/2017\/11\/Magda_Medeiros_Cliente_Coaching-300x300.jpg 300w, https:\/\/levycorrea.com.br\/2016\/wp-content\/uploads\/2017\/11\/Magda_Medeiros_Cliente_Coaching-768x768.jpg 768w, https:\/\/levycorrea.com.br\/2016\/wp-content\/uploads\/2017\/11\/Magda_Medeiros_Cliente_Coaching-800x800.jpg 800w, https:\/\/levycorrea.com.br\/2016\/wp-content\/uploads\/2017\/11\/Magda_Medeiros_Cliente_Coaching.jpg 958w\" sizes=\"auto, (max-width: 150px) 100vw, 150px\" \/><figcaption id=\"caption-attachment-219\" class=\"wp-caption-text\"><strong>\u00a0 \u00a0 Magda Medeiros<\/strong><\/figcaption><\/figure>\n<h3 style=\"text-align: center;\"><a href=\"https:\/\/www.youtube.com\/watch?v=SH0ZN1HkaKs\">https:\/\/www.youtube.com\/watch?v=SH0ZN1HkaKs <\/a><\/h3>\n<p><strong>EdCarlo Michelin<\/strong><\/p>\n<p><img loading=\"lazy\" decoding=\"async\" class=\"aligncenter size-thumbnail wp-image-220\" src=\"http:\/\/levycorrea.com.br\/2016\/wp-content\/uploads\/2017\/11\/Ed-Carlo-Michelin-150x150.jpg\" alt=\"\" width=\"150\" height=\"150\" srcset=\"https:\/\/levycorrea.com.br\/2016\/wp-content\/uploads\/2017\/11\/Ed-Carlo-Michelin-150x150.jpg 150w, https:\/\/levycorrea.com.br\/2016\/wp-content\/uploads\/2017\/11\/Ed-Carlo-Michelin.jpg 256w\" sizes=\"auto, (max-width: 150px) 100vw, 150px\" \/><\/p>\n<p style=\"text-align: center;\"><a href=\"https:\/\/www.youtube.com\/watch?v=87Fl9j9UuZs\">https:\/\/www.youtube.com\/watch?v=87Fl9j9UuZs<\/a><\/p>\n<h3 style=\"text-align: center;\"><strong>Eduardo Ant\u00f4nio da Silva &#8211; R\u00e1dio Globo Campinas e CBN<\/strong><\/h3>\n<p><img loading=\"lazy\" decoding=\"async\" class=\"aligncenter size-thumbnail wp-image-221\" src=\"http:\/\/levycorrea.com.br\/2016\/wp-content\/uploads\/2017\/11\/Du_Radio_Globo-150x150.jpg\" alt=\"\" width=\"150\" height=\"150\" srcset=\"https:\/\/levycorrea.com.br\/2016\/wp-content\/uploads\/2017\/11\/Du_Radio_Globo-150x150.jpg 150w, https:\/\/levycorrea.com.br\/2016\/wp-content\/uploads\/2017\/11\/Du_Radio_Globo-300x300.jpg 300w, https:\/\/levycorrea.com.br\/2016\/wp-content\/uploads\/2017\/11\/Du_Radio_Globo.jpg 540w\" sizes=\"auto, (max-width: 150px) 100vw, 150px\" \/><\/p>\n<p style=\"text-align: center;\"><a href=\"https:\/\/www.youtube.com\/watch?v=RLHXq9UMixA\">https:\/\/www.youtube.com\/watch?v=RLHXq9UMixA<\/a><\/p>\n<h3 style=\"text-align: center;\"><strong>Ronald Santos &#8211; Empresa Multicut<\/strong><\/h3>\n<p><img loading=\"lazy\" decoding=\"async\" class=\"aligncenter size-thumbnail wp-image-222\" src=\"http:\/\/levycorrea.com.br\/2016\/wp-content\/uploads\/2017\/11\/Ronald_Santos-150x150.jpg\" alt=\"\" width=\"150\" height=\"150\" srcset=\"https:\/\/levycorrea.com.br\/2016\/wp-content\/uploads\/2017\/11\/Ronald_Santos-150x150.jpg 150w, https:\/\/levycorrea.com.br\/2016\/wp-content\/uploads\/2017\/11\/Ronald_Santos.jpg 180w\" sizes=\"auto, (max-width: 150px) 100vw, 150px\" \/><\/p>\n<p style=\"text-align: center;\"><a href=\"https:\/\/www.youtube.com\/watch?v=pLBZMIpUxjE\">https:\/\/www.youtube.com\/watch?v=pLBZMIpUxjE<br \/>\n<\/a><\/p>\n<p>&nbsp;<\/p>\n<p style=\"text-align: center;\"><b>Fab\u00edola<\/b><strong>\u00a0Pontara<\/strong><\/p>\n<p><img loading=\"lazy\" decoding=\"async\" class=\"aligncenter size-thumbnail wp-image-223\" src=\"http:\/\/levycorrea.com.br\/2016\/wp-content\/uploads\/2017\/11\/Fabiola_Pontara-150x150.jpg\" alt=\"\" width=\"150\" height=\"150\" srcset=\"https:\/\/levycorrea.com.br\/2016\/wp-content\/uploads\/2017\/11\/Fabiola_Pontara-150x150.jpg 150w, https:\/\/levycorrea.com.br\/2016\/wp-content\/uploads\/2017\/11\/Fabiola_Pontara-300x300.jpg 300w, https:\/\/levycorrea.com.br\/2016\/wp-content\/uploads\/2017\/11\/Fabiola_Pontara-768x767.jpg 768w, https:\/\/levycorrea.com.br\/2016\/wp-content\/uploads\/2017\/11\/Fabiola_Pontara-800x800.jpg 800w, https:\/\/levycorrea.com.br\/2016\/wp-content\/uploads\/2017\/11\/Fabiola_Pontara.jpg 853w\" sizes=\"auto, (max-width: 150px) 100vw, 150px\" \/><\/p>\n<p style=\"text-align: center;\"><a href=\"https:\/\/www.youtube.com\/watch?v=k-ETO8OOfPA\">https:\/\/www.youtube.com\/watch?v=k-ETO8OOfPA<\/a><\/p>\n<p>&nbsp;<\/p>\n<p style=\"text-align: center;\"><b>Rodrigo Pereira<\/b><\/p>\n<p><img loading=\"lazy\" decoding=\"async\" class=\"aligncenter size-thumbnail wp-image-236\" src=\"http:\/\/levycorrea.com.br\/2016\/wp-content\/uploads\/2018\/07\/Rodrigo_Pereira-150x150.jpg\" alt=\"\" width=\"150\" height=\"150\" srcset=\"https:\/\/levycorrea.com.br\/2016\/wp-content\/uploads\/2018\/07\/Rodrigo_Pereira-150x150.jpg 150w, https:\/\/levycorrea.com.br\/2016\/wp-content\/uploads\/2018\/07\/Rodrigo_Pereira-300x300.jpg 300w, https:\/\/levycorrea.com.br\/2016\/wp-content\/uploads\/2018\/07\/Rodrigo_Pereira.jpg 370w\" sizes=\"auto, (max-width: 150px) 100vw, 150px\" \/><\/p>\n<p style=\"text-align: center;\"><a href=\"https:\/\/www.youtube.com\/watch?v=JLUDxC0O1zs\">https:\/\/www.youtube.com\/watch?v=JLUDxC0O1zs<\/a><\/p>\n<p>&nbsp;<\/p>\n<p style=\"text-align: center;\"><b>Thais Vomero<\/b><\/p>\n<p><img loading=\"lazy\" decoding=\"async\" class=\"aligncenter size-thumbnail wp-image-237\" src=\"http:\/\/levycorrea.com.br\/2016\/wp-content\/uploads\/2018\/07\/Thais_Vomero-150x150.jpg\" alt=\"\" width=\"150\" height=\"150\" srcset=\"https:\/\/levycorrea.com.br\/2016\/wp-content\/uploads\/2018\/07\/Thais_Vomero-150x150.jpg 150w, https:\/\/levycorrea.com.br\/2016\/wp-content\/uploads\/2018\/07\/Thais_Vomero.jpg 160w\" sizes=\"auto, (max-width: 150px) 100vw, 150px\" \/><\/p>\n<p>&nbsp;<\/p>\n<p style=\"text-align: center;\"><a href=\"https:\/\/www.youtube.com\/watch?v=R0j-vQ2v6JI\">https:\/\/www.youtube.com\/watch?v=R0j-vQ2v6JI<\/a><\/p>\n<p>&nbsp;<\/p>\n<p style=\"text-align: center;\"><b>Maria Frison<\/b><\/p>\n<p><img loading=\"lazy\" decoding=\"async\" class=\"aligncenter size-thumbnail wp-image-238\" src=\"http:\/\/levycorrea.com.br\/2016\/wp-content\/uploads\/2018\/07\/Maria_Frison-150x150.jpg\" alt=\"\" width=\"150\" height=\"150\" srcset=\"https:\/\/levycorrea.com.br\/2016\/wp-content\/uploads\/2018\/07\/Maria_Frison-150x150.jpg 150w, https:\/\/levycorrea.com.br\/2016\/wp-content\/uploads\/2018\/07\/Maria_Frison.jpg 160w\" sizes=\"auto, (max-width: 150px) 100vw, 150px\" \/><\/p>\n<p>&nbsp;<\/p>\n<p style=\"text-align: center;\"><a href=\"https:\/\/www.youtube.com\/watch?v=Ys46LpPMkLc\">https:\/\/www.youtube.com\/watch?v=Ys46LpPMkLc<\/a><\/p>\n<p>&nbsp;<\/p>\n<p>&nbsp;<\/p>\n<p style=\"text-align: center;\">Fale conosco e n\u00e3o esconda o seu brilho!<\/p>\n<p style=\"text-align: center;\">Levy Corr\u00eaa<\/p>\n<p style=\"text-align: center;\">levy@leyvcorrea.com.br<\/p>\n","protected":false},"excerpt":{"rendered":"<p>Levy Corr\u00eaa Desenvolvimento de pessoas diante de objetivos e metas. O mentor \u00e9 um profissional com base te\u00f3rica s\u00f3lida sobre comportamento humano e treinado para atuar na obten\u00e7\u00e3o de resultados. Poder\u00edamos dizer que faz exatamente o que um treinador esportivo faz: planeja o futuro, oferece recursos, tira limita\u00e7\u00f5es e, principalmente, encoraja e desafia a pessoa [&hellip;]<\/p>\n","protected":false},"author":2,"featured_media":0,"parent":0,"menu_order":0,"comment_status":"closed","ping_status":"closed","template":"","meta":{"footnotes":""},"class_list":["post-92","page","type-page","status-publish","hentry"],"_links":{"self":[{"href":"https:\/\/levycorrea.com.br\/2016\/wp-json\/wp\/v2\/pages\/92","targetHints":{"allow":["GET"]}}],"collection":[{"href":"https:\/\/levycorrea.com.br\/2016\/wp-json\/wp\/v2\/pages"}],"about":[{"href":"https:\/\/levycorrea.com.br\/2016\/wp-json\/wp\/v2\/types\/page"}],"author":[{"embeddable":true,"href":"https:\/\/levycorrea.com.br\/2016\/wp-json\/wp\/v2\/users\/2"}],"replies":[{"embeddable":true,"href":"https:\/\/levycorrea.com.br\/2016\/wp-json\/wp\/v2\/comments?post=92"}],"version-history":[{"count":18,"href":"https:\/\/levycorrea.com.br\/2016\/wp-json\/wp\/v2\/pages\/92\/revisions"}],"predecessor-version":[{"id":412,"href":"https:\/\/levycorrea.com.br\/2016\/wp-json\/wp\/v2\/pages\/92\/revisions\/412"}],"wp:attachment":[{"href":"https:\/\/levycorrea.com.br\/2016\/wp-json\/wp\/v2\/media?parent=92"}],"curies":[{"name":"wp","href":"https:\/\/api.w.org\/{rel}","templated":true}]}}