{"id":2,"date":"2016-09-20T15:42:55","date_gmt":"2016-09-20T15:42:55","guid":{"rendered":"http:\/\/levycorrea.com.br\/2016\/?page_id=2"},"modified":"2023-07-10T21:15:23","modified_gmt":"2023-07-11T00:15:23","slug":"inicio","status":"publish","type":"page","link":"https:\/\/levycorrea.com.br\/2016\/","title":{"rendered":"IN\u00cdCIO"},"content":{"rendered":"<p><section data-parallax-background-speed=\"5\"  class=\"fw-main-row-custom fw-main-row-top  fw_theme_bg_fw-custom fw-section-image fw-section-height-lg  parallax-section fw-section-position-back tf-sh-206602c2c95b8df8c550ecc11fe05d45\"  style=\" background-image:url(\/\/levycorrea.com.br\/2016\/wp-content\/uploads\/2016\/10\/levy-correa-coaching-e1477487176335.jpeg); background-repeat: no-repeat; background-position: center top; background-size: cover;\"  >\n\t\t<div class=\"fw-main-row-overlay fw_theme_bg_color_2\" style=\"opacity: 0.8;\"><\/div>\t<div class=\"fw-container-fluid\" >\n\t\t<div class=\"fw-row\">\n\t<div id=\"column-69ea0f997f7cc\" class=\"fw-col-sm-6 tf-sh-b1b3c2ce056e557bb948a8e60aca63f6\" >\n\t<div class=\"fw-wrap-col-inner clearfix  \"   >\n\t\t\t\t<div class=\"fw-col-inner\">\n\t\t\t\t\t<\/div>\n\t<\/div>\n<\/div><div id=\"column-69ea0f997f84a\" class=\"fw-col-sm-2 tf-sh-ad678818f2f6dbe3b7bcdc5de4e5466f\" >\n\t<div class=\"fw-wrap-col-inner clearfix  \" style=\"border-width: 10px; border-color: #ffffff; border-style: solid;\"  >\n\t\t\t\t<div class=\"fw-col-inner\">\n\t\t\t\n\t\t\t<div class=\"fw-block-image-parent fw-overlay-1 fw-block-image-icon  \"  style=\"width: 100%; \">\n\t\t\t<a class=\"fw-block-image-child fw-ratio-2-3 fw-ratio-container \" href=\"https:\/\/spoti.fi\/3bxkFGM\" target=&#039;_blank&#039;>\n\t\t\t\t<noscript itemscope itemtype=\"https:\/\/schema.org\/ImageObject\" itemprop=\"image\"><img decoding=\"async\" src=\"https:\/\/levycorrea.com.br\/2016\/wp-content\/uploads\/2023\/07\/Podcast.jpg\"  alt=\"Podcast\" data-maxdpr=\"1.7\" class=\"lazyload\" \/><meta itemprop=\"url\" content=\"https:\/\/levycorrea.com.br\/2016\/wp-content\/uploads\/2023\/07\/Podcast.jpg\"><meta itemprop=\"width\" content=\"1024\"><meta itemprop=\"height\" content=\"1536\"><\/noscript><img decoding=\"async\" src=\"data:image\/gif;base64,R0lGODlhAQABAIAAAAAAAP\/\/\/yH5BAEAAAAALAAAAAABAAEAAAIBRAA7\" data-sizes=\"auto\" data-srcset=\"https:\/\/levycorrea.com.br\/2016\/wp-content\/uploads\/2023\/07\/Podcast-200x300.jpg 200w, https:\/\/levycorrea.com.br\/2016\/wp-content\/uploads\/2023\/07\/Podcast-768x1152.jpg 768w, https:\/\/levycorrea.com.br\/2016\/wp-content\/uploads\/2023\/07\/Podcast-683x1024.jpg 683w, https:\/\/levycorrea.com.br\/2016\/wp-content\/uploads\/2023\/07\/Podcast.jpg 1024w\"   alt=\"Podcast\" data-maxdpr=\"1.7\" class=\"lazyload\" \/>\t\t\t\t                                    <div class=\"fw-block-image-overlay\">\n                        <div class=\"fw-itable\">\n                            <div class=\"fw-icell\">\n                                <i class=\"fw-icon-link\"><\/i>\n                            <\/div>\n                        <\/div>\n                    <\/div>\n                \t\t\t<\/a>\n\t\t<\/div>\n\t\n\t\t<\/div>\n\t<\/div>\n<\/div><div id=\"column-69ea0f997fb27\" class=\"fw-col-sm-3 tf-sh-d399444ad13af0f9591766ba6bac3b3d\" >\n\t<div class=\"fw-wrap-col-inner clearfix  \"   >\n\t\t\t\t<div class=\"fw-col-inner\">\n\t\t\t\t<div class=\"fw-video tf-sh-92769ba2134e5165032978a931bf4ec1 \" >\n\t\t<div class=\"fw-wrap-boxed-media fw-wp-embed-shortcode\"><iframe loading=\"lazy\" title=\"Voc\u00ea costuma fazer o poss\u00edvel,  ou dar o seu melhor?\" width=\"465\" height=\"262\" src=\"https:\/\/www.youtube.com\/embed\/8UoHRH5gzkE?start=236&feature=oembed\" frameborder=\"0\" allow=\"accelerometer; autoplay; clipboard-write; encrypted-media; gyroscope; picture-in-picture; web-share\" allowfullscreen><\/iframe><\/div>\t<\/div>\n\t\t<\/div>\n\t<\/div>\n<\/div><\/div>\n\n\t<\/div>\n\t<\/section><section   class=\"fw-main-row-custom  auto  fw-section-position-back tf-sh-6ac50e5f42de18dd1893504967cdec3f\"    >\n\t\t\t<div class=\"fw-container\" >\n\t\t<div class=\"fw-row\">\n\t<div id=\"column-69ea0f997ffc7\" class=\"fw-col-sm-12 tf-sh-4c121a42af5b9bc3daa8fad7e4d279d2\" >\n\t<div class=\"fw-wrap-col-inner clearfix  \"   >\n\t\t\t\t<div class=\"fw-col-inner\">\n\t\t\t<div class=\"fw-heading fw-heading-center  tf-sh-dca07d6abfb10ccb0e85577d4e2392d6\" >\n\t\t\t<h2 class=\"fw-special-title\">PRINCIPAIS \u00c1REAS DE ATUA\u00c7\u00c3O<\/h2>\n\t\n\t\n\t<\/div><div class=\"fw-divider-space space-md  fw-mobile-hide-element clearfix\"  ><\/div>\t\t<\/div>\n\t<\/div>\n<\/div><\/div>\n\n<div class=\"fw-row\">\n\t<div id=\"column-69ea0f998016c\" class=\"fw-col-sm-3 tf-sh-95252c66e83f80732801ebd81c931f6b\" >\n\t<div class=\"fw-wrap-col-inner clearfix  \"   >\n\t\t\t\t<div class=\"fw-col-inner\">\n\t\t\t\t<div class=\"fw-imagebox clearfix fw-imagebox-2 tf-sh-08ae1c38842af051635cfdc1f2e233dc text-center \"  style=\"background-image: url(\/\/levycorrea.com.br\/2016\/wp-content\/uploads\/2023\/07\/IMG_6101.jpg);\">\n\t\t<div class=\"fw-main-row-overlay fw_theme_bg_color_2\" style=\"opacity: 0.63;\"><\/div>\t\t<div class=\"fw-imagebox-aside\" style=\"padding-top:10px;padding-bottom:10px;padding-left:10px;padding-right:10px;\">\n\t\t\t\t\t<div class=\"fw-imagebox-title-wrap\">\n\t\t\t\t\t\t\t\t\t<h4 class=\"fw-imagebox-title\">DESENVOLVIMENTO<\/h4>\n\t\t\t\t\n\t\t\t\t\t\t\t\t\t<h4 class=\"fw-imagebox-subtitle\">PESSOAL e PROFISSIONAL<\/h4>\n\t\t\t\t\t\t\t<\/div>\n\t\t\n\t\t\n\t\t\t<div class=\"fw-imagebox-btn text-center\">\n\t\t\t<a href=\"https:\/\/levycorrea.com.br\/2016\/coaching-pessoal-e-profissional\/hipnose\/\" target=\"_self\" class=\"fw-btn  fw-btn-md fw-btn-4 \" style=\"\" >\n\t\t\t\t<span>\n\t\t\t\t\t\t\t\t\t\t\tsaiba mais\t\t\t\t\t\t\t\t\t<\/span>\n\t\t\t<\/a>\n\t\t<\/div>\n\t\t\t<\/div>\n\t<\/div>\n\t\t<\/div>\n\t<\/div>\n<\/div><div id=\"column-69ea0f9980284\" class=\"fw-col-sm-3 tf-sh-677306bdd343a2358fbc8b05644093e8\" >\n\t<div class=\"fw-wrap-col-inner clearfix  \"   >\n\t\t\t\t<div class=\"fw-col-inner\">\n\t\t\t\t<div class=\"fw-imagebox clearfix fw-imagebox-2 tf-sh-eac5ccdfc979b02bcff1a632f3157b1f text-center \"  style=\"background-image: url(\/\/levycorrea.com.br\/2016\/wp-content\/uploads\/2023\/07\/Unip_22_2.jpg);\">\n\t\t<div class=\"fw-main-row-overlay fw_theme_bg_color_2\" style=\"opacity: 0.63;\"><\/div>\t\t<div class=\"fw-imagebox-aside\" style=\"padding-top:10px;padding-bottom:10px;padding-left:10px;padding-right:10px;\">\n\t\t\t\t\t<div class=\"fw-imagebox-title-wrap\">\n\t\t\t\t\t\t\t\t\t<h3 class=\"fw-imagebox-title\">MENTORIAS<\/h3>\n\t\t\t\t\n\t\t\t\t\t\t\t\t\t<h4 class=\"fw-imagebox-subtitle\">PESSOAL E PROFISSIONAL<\/h4>\n\t\t\t\t\t\t\t<\/div>\n\t\t\n\t\t\n\t\t\t<div class=\"fw-imagebox-btn text-center\">\n\t\t\t<a href=\"http:\/\/levycorrea.com.br\/coaching-pessoal-e-profissional\/\" target=\"_self\" class=\"fw-btn  fw-btn-md fw-btn-4 \" style=\"\" >\n\t\t\t\t<span>\n\t\t\t\t\t\t\t\t\t\t\tsaiba mais\t\t\t\t\t\t\t\t\t<\/span>\n\t\t\t<\/a>\n\t\t<\/div>\n\t\t\t<\/div>\n\t<\/div>\n\t\t<\/div>\n\t<\/div>\n<\/div><div id=\"column-69ea0f9980341\" class=\"fw-col-sm-3 tf-sh-d4691fe03b7d21bcf0aa85077d8236d6\" >\n\t<div class=\"fw-wrap-col-inner clearfix  \"   >\n\t\t\t\t<div class=\"fw-col-inner\">\n\t\t\t\t<div class=\"fw-imagebox clearfix fw-imagebox-2 tf-sh-66f9596e5d2e8e8df1b28770a04c6976 text-center \"  style=\"background-image: url(\/\/levycorrea.com.br\/2016\/wp-content\/uploads\/2017\/11\/21105439_1024837860951912_6306258701468255115_n.jpg);\">\n\t\t<div class=\"fw-main-row-overlay fw_theme_bg_color_2\" style=\"opacity: 0.63;\"><\/div>\t\t<div class=\"fw-imagebox-aside\" style=\"padding-top:10px;padding-bottom:10px;padding-left:10px;padding-right:10px;\">\n\t\t\t\t\t<div class=\"fw-imagebox-title-wrap\">\n\t\t\t\t\t\t\t\t\t<h3 class=\"fw-imagebox-title\">TREINAMENTOS<\/h3>\n\t\t\t\t\n\t\t\t\t\t\t\t\t\t<h4 class=\"fw-imagebox-subtitle\">CUSTOMIZADOS<\/h4>\n\t\t\t\t\t\t\t<\/div>\n\t\t\n\t\t\n\t\t\t<div class=\"fw-imagebox-btn text-center\">\n\t\t\t<a href=\"http:\/\/levycorrea.com.br\/treinamentos\/\" target=\"_self\" class=\"fw-btn  fw-btn-md fw-btn-4 \" style=\"\" >\n\t\t\t\t<span>\n\t\t\t\t\t\t\t\t\t\t\tsaiba mais\t\t\t\t\t\t\t\t\t<\/span>\n\t\t\t<\/a>\n\t\t<\/div>\n\t\t\t<\/div>\n\t<\/div>\n\t\t<\/div>\n\t<\/div>\n<\/div><div id=\"column-69ea0f99803f1\" class=\"fw-col-sm-3 tf-sh-596ea4890c67b758075d452e5e53ac7e\" >\n\t<div class=\"fw-wrap-col-inner clearfix  \"   >\n\t\t\t\t<div class=\"fw-col-inner\">\n\t\t\t\t<div class=\"fw-imagebox clearfix fw-imagebox-2 tf-sh-6966c1b683107f04f1f9280f225c80d6 text-center \"  style=\"background-image: url(\/\/levycorrea.com.br\/2016\/wp-content\/uploads\/2017\/11\/LevyCorrea.jpg);\">\n\t\t<div class=\"fw-main-row-overlay fw_theme_bg_color_2\" style=\"opacity: 0.63;\"><\/div>\t\t<div class=\"fw-imagebox-aside\" style=\"padding-top:10px;padding-bottom:10px;padding-left:10px;padding-right:10px;\">\n\t\t\t\t\t<div class=\"fw-imagebox-title-wrap\">\n\t\t\t\t\t\t\t\t\t<h3 class=\"fw-imagebox-title\">PALESTRAS<\/h3>\n\t\t\t\t\n\t\t\t\t\t\t\t\t\t<h4 class=\"fw-imagebox-subtitle\">TRANSFORMADORAS<\/h4>\n\t\t\t\t\t\t\t<\/div>\n\t\t\n\t\t\n\t\t\t<div class=\"fw-imagebox-btn text-center\">\n\t\t\t<a href=\"http:\/\/levycorrea.com.br\/palestras\/\" target=\"_self\" class=\"fw-btn  fw-btn-md fw-btn-4 \" style=\"\" >\n\t\t\t\t<span>\n\t\t\t\t\t\t\t\t\t\t\tsaiba mais\t\t\t\t\t\t\t\t\t<\/span>\n\t\t\t<\/a>\n\t\t<\/div>\n\t\t\t<\/div>\n\t<\/div>\n\t\t<\/div>\n\t<\/div>\n<\/div><\/div>\n\n<div class=\"fw-row\">\n\t<div id=\"column-69ea0f99804fc\" class=\"fw-col-sm-12 fw-mobile-hide-element tf-sh-52703a1a933fd1eb67c94a02134069a1\" >\n\t<div class=\"fw-wrap-col-inner clearfix  \"   >\n\t\t\t\t<div class=\"fw-col-inner\">\n\t\t\t\t\t<\/div>\n\t<\/div>\n<\/div><\/div>\n\n\t<\/div>\n\t<\/section><\/p>\n","protected":false},"excerpt":{"rendered":"<p>PRINCIPAIS \u00c1REAS DE ATUA\u00c7\u00c3O DESENVOLVIMENTO PESSOAL e PROFISSIONAL saiba mais MENTORIAS PESSOAL E PROFISSIONAL saiba mais TREINAMENTOS CUSTOMIZADOS saiba mais PALESTRAS TRANSFORMADORAS saiba mais<\/p>\n","protected":false},"author":2,"featured_media":0,"parent":0,"menu_order":0,"comment_status":"closed","ping_status":"open","template":"visual-builder-template.php","meta":{"footnotes":""},"class_list":["post-2","page","type-page","status-publish","hentry"],"_links":{"self":[{"href":"https:\/\/levycorrea.com.br\/2016\/wp-json\/wp\/v2\/pages\/2","targetHints":{"allow":["GET"]}}],"collection":[{"href":"https:\/\/levycorrea.com.br\/2016\/wp-json\/wp\/v2\/pages"}],"about":[{"href":"https:\/\/levycorrea.com.br\/2016\/wp-json\/wp\/v2\/types\/page"}],"author":[{"embeddable":true,"href":"https:\/\/levycorrea.com.br\/2016\/wp-json\/wp\/v2\/users\/2"}],"replies":[{"embeddable":true,"href":"https:\/\/levycorrea.com.br\/2016\/wp-json\/wp\/v2\/comments?post=2"}],"version-history":[{"count":104,"href":"https:\/\/levycorrea.com.br\/2016\/wp-json\/wp\/v2\/pages\/2\/revisions"}],"predecessor-version":[{"id":410,"href":"https:\/\/levycorrea.com.br\/2016\/wp-json\/wp\/v2\/pages\/2\/revisions\/410"}],"wp:attachment":[{"href":"https:\/\/levycorrea.com.br\/2016\/wp-json\/wp\/v2\/media?parent=2"}],"curies":[{"name":"wp","href":"https:\/\/api.w.org\/{rel}","templated":true}]}}