{"id":173,"date":"2017-11-07T13:52:38","date_gmt":"2017-11-07T15:52:38","guid":{"rendered":"http:\/\/levycorrea.com.br\/?page_id=173"},"modified":"2023-08-03T15:48:20","modified_gmt":"2023-08-03T18:48:20","slug":"hipnose","status":"publish","type":"page","link":"https:\/\/levycorrea.com.br\/2016\/coaching-pessoal-e-profissional\/hipnose\/","title":{"rendered":"Psicoterapias"},"content":{"rendered":"<p>PSICOTERAPIA PSICANALITICA<\/p>\n<p>A psicoterapia psicanal\u00edtica \u00e9 um tipo de abordagem terap\u00eautica que se baseia na teoria psicanal\u00edtica desenvolvida por Sigmund Freud e seus seguidores. Essa forma de terapia tem como objetivo explorar os processos inconscientes que influenciam o comportamento e os padr\u00f5es emocionais do indiv\u00edduo.<\/p>\n<p>O fundamento da psicoterapia psicanal\u00edtica \u00e9 a ideia de que muitos dos nossos comportamentos e problemas emocionais t\u00eam ra\u00edzes n\u00e3o inconscientes, ou seja, em pensamentos, desejos e mem\u00f3rias que n\u00e3o est\u00e3o conscientemente acess\u00edveis. Durante a terapia, o paciente \u00e9 encorajado a explorar esses conte\u00fados inconscientes para ganhar uma compreens\u00e3o mais profunda de si mesmo e, consequentemente, promover mudan\u00e7as positivas em sua vida.<\/p>\n<p>O papel do terapeuta na psicoterapia psicanal\u00edtica \u00e9 crucial. Ele atua como um facilitador que utiliza t\u00e9cnicas espec\u00edficas, como a interpreta\u00e7\u00e3o dos sonhos, a associa\u00e7\u00e3o livre (onde o paciente fala livremente sem censura), a an\u00e1lise da transfer\u00eancia (quando o paciente projeta sentimentos e emo\u00e7\u00f5es em rela\u00e7\u00e3o ao terapeuta) e a an\u00e1lise da resist\u00eancia (quando o paciente evita trazer \u00e0 tona certos conte\u00fados), para ajudar o paciente a descobrir e trabalhar com suas quest\u00f5es inconscientes.<\/p>\n<p>A psicoterapia psicanal\u00edtica tem como objetivo promover o autoconhecimento do paciente, permitindo que ele desenvolva novas formas de lidar com seus sentimentos e experi\u00eancias. Ao longo do processo, o paciente pode desenvolver uma maior capacidade de lidar com quest\u00f5es emocionais e relacionamentos de forma mais saud\u00e1vel e construtiva.<\/p>\n<p>HIPNOSE<\/p>\n<p>O termo &#8220;hipnose&#8221; (gregohipnos = sono + latimosis = a\u00e7\u00e3o ou processo) deve o seu nome ao m\u00e9dico e pesquisador brit\u00e2nico James Braid (1795 &#8211; 1860), que deu o nome por acreditar que se tratava de uma esp\u00e9cie de sono induzido. (Hipnos tamb\u00e9m era o nome atribu\u00eddo ao deus grego do sono).<\/p>\n<p>Segundo Milton Erickson: A hipnose \u00e9 a suscetibilidade ampliada para a regi\u00e3o das capacidades sensoriais e motoras para iniciar um comportamento apropriado.<\/p>\n<p><b>Hipnose<\/b>, segundo a atual defini\u00e7\u00e3o pela Associa\u00e7\u00e3o Americana de Psicologia, \u00e9\u00a0um estado de consci\u00eancia que envolve aten\u00e7\u00e3o focada e consci\u00eancia perif\u00e9rica reduzida, caracterizado por uma maior capacidade de resposta \u00e0 sugest\u00e3o.\u00a0\u00c9 um estado mental ou um tipo de comportamento usualmente induzidos por um procedimento conhecido como indu\u00e7\u00e3o hipn\u00f3tica, o qual \u00e9 geralmente composto de uma s\u00e9rie de instru\u00e7\u00f5es preliminares e sugest\u00f5es. O uso da hipnose com prop\u00f3sitos terap\u00eauticos \u00e9 conhecido como &#8220;hipnoterapia&#8221;.<\/p>\n<p><strong>Os seus olhos est\u00e3o ficando cansados, pesados&#8230;<\/strong><\/p>\n<p>Quando voc\u00ea ouve sobre hipnose, pode ser que pense que \u00e9 ilus\u00e3o, algo combinado, uma m\u00e1gica, um espet\u00e1culo que est\u00e1 acostumado a assistir em shows ou programas de tv. Mas a experi\u00eancia da hipnose \u00e9 real! Eu mesmo j\u00e1 passei por diversas vezes a experi\u00eancia formal, e me apaixonei pela pr\u00e1tica terap\u00eautica. Busquei diversos cursos e forma\u00e7\u00f5es, e hoje, al\u00e9m do coaching, Psican\u00e1lise e PNL, treinamentos e palestras, tamb\u00e9m ajudo pessoas atrav\u00e9s da hipnoterapia.<\/p>\n<p>\u201cA hipnose \u00e9 simplesmente atravessar o fator cr\u00edtico da mente consciente e estabelecer no subconsciente um pensamento (ou sentimento) exclusivo aceit\u00e1vel\u201d. (Dave Elman).<\/p>\n<p>A hipnose vai muito al\u00e9m do entretenimento, que ajuda a disseminar de forma importante, por\u00e9m, pode criar cren\u00e7as de que n\u00e3o se trata de uma pr\u00e1tica s\u00e9ria. Sua efic\u00e1cia \u00e9 comprovada cientificamente como suporte \u00e0 problemas de origens emocionais, como: ansiedade, depress\u00e3o, fobias, p\u00e2nico, dentre outros.<\/p>\n<p>No Brasil, a pr\u00e1tica \u00e9 regulamentada por organiza\u00e7\u00f5es de classe respeitadas como, Conselhos Federais de Medicina, Psicologia, Odontologia e Fisioterapia. A OMS tamb\u00e9m reconhece a hipnose.<\/p>\n<p>Para desmistificar, entenda como vivemos a hipnose diariamente sem percebermos:<\/p>\n<p>-Voc\u00ea j\u00e1 foi para algum lugar e esqueceu por que estava indo?<br \/>\n&#8211; J\u00e1 procurou as chaves e descobriu que estava no bolso?<br \/>\n&#8211; J\u00e1 leu um livro e percebeu-se envolvido com a hist\u00f3ria?<br \/>\n&#8211; Assistindo um filme e sentindo medo, raiva, alegria, tristeza, como se fizesse parte dele?<br \/>\n&#8211; Dirigindo, pensando mil coisas, e chegando ao seu destino sem pensar no trajeto?<\/p>\n<p>Quando voc\u00ea come\u00e7a a entender um pouco mais sobre a hipnose, percebe que em grande parte do nosso dia, experimentamos a hipnose.<\/p>\n<p>No atendimento ao cliente com hipnoterapia, convidamos a pessoa experimentar o estado, entender o poder da sua mente e, utilizando t\u00e9cnicas para reeducar a mente subconsciente. <\/p>\n<p>A hipnose \u00e9 uma caracter\u00edstica humana, se voc\u00ea \u00e9 capaz de imaginar e associar, voc\u00ea \u00e9 capaz de entrar nesse estado.<\/p>\n<p>O que mais voc\u00ea gostaria de saber sobre hipnose? Envie uma mensagem!<\/p>\n<p>Sou hipnoterapeuta e terei o prazer de ajudar voc\u00ea!<\/p>\n<p>&nbsp;<\/p>\n<p><img loading=\"lazy\" decoding=\"async\" class=\" wp-image-191 aligncenter\" src=\"http:\/\/levycorrea.com.br\/2016\/wp-content\/uploads\/2017\/11\/hipnose_2_LevyCorrea-300x150.jpg\" alt=\"\" width=\"461\" height=\"230\" srcset=\"https:\/\/levycorrea.com.br\/2016\/wp-content\/uploads\/2017\/11\/hipnose_2_LevyCorrea-300x150.jpg 300w, https:\/\/levycorrea.com.br\/2016\/wp-content\/uploads\/2017\/11\/hipnose_2_LevyCorrea-768x384.jpg 768w, https:\/\/levycorrea.com.br\/2016\/wp-content\/uploads\/2017\/11\/hipnose_2_LevyCorrea-1024x512.jpg 1024w, https:\/\/levycorrea.com.br\/2016\/wp-content\/uploads\/2017\/11\/hipnose_2_LevyCorrea-600x300.jpg 600w, https:\/\/levycorrea.com.br\/2016\/wp-content\/uploads\/2017\/11\/hipnose_2_LevyCorrea.jpg 1200w\" sizes=\"auto, (max-width: 461px) 100vw, 461px\" \/><\/p>\n<p><strong>Para que serve?<\/strong><\/p>\n<p>Qual a qualidade do tempo que voc\u00ea se dedica \u00e0s suas emo\u00e7\u00f5es?<\/p>\n<p>J\u00e1 sentiu um frio na barriga diante de uma determinada situa\u00e7\u00e3o? Ou sentiu tremer para falar em p\u00fablico? Ou ainda sente uma tristeza e n\u00e3o sabe o porqu\u00ea?<br \/>\nTodos estes exemplos s\u00e3o aprendizados que acumulamos ao longo da vida. Uma cadeia de eventos, nem sempre relacionada, pode estar ocasionando o seu problema atual. Como assim?<\/p>\n<p>Existe uma mente mais profunda, chamada mente subconsciente, que desde a sua forma\u00e7\u00e3o, coleciona aprendizados, bons e ruins. Por si s\u00f3, ela n\u00e3o consegue identificar isso, nossas experi\u00eancias \u00e9 que d\u00e3o os significados aos eventos. Em algumas situa\u00e7\u00f5es, fugimos, em outras atacamos ou congelamos.<\/p>\n<p>Vamos pensar na seguinte situa\u00e7\u00e3o:<\/p>\n<p>Uma m\u00e3e, em virtude da falta de tempo e paci\u00eancia para lidar com a filha durante a inf\u00e2ncia, vira e diz:<\/p>\n<p>&#8211; Fique quieta, voc\u00ea s\u00f3 abre a boca para falar besteira!<br \/>\nA filha fica quieta, afinal, quem \u00e9 a autoridade? A mente guardou esta informa\u00e7\u00e3o.<\/p>\n<p>Mais tarde, j\u00e1 na escola, a menina levanta a m\u00e3o para contribuir com a professora, diz algo, e infelizmente n\u00e3o consegue se expressar como gostaria. E a classe come\u00e7a a ca\u00e7oar dela.<\/p>\n<p>O que a mente desta garota vai associar? Aquela informa\u00e7\u00e3o anterior!<\/p>\n<p>\u201c-Voc\u00ea s\u00f3 abre a boca para falar besteira!\u201d&#8230; E desenvolve um p\u00e2nico de falar em p\u00fablico, que passa pela vida toda e aflora fortemente na vida adulta, quando o gestor dela diz assim:<br \/>\n&#8211; Eu quero que voc\u00ea apresente os resultados para toda a empresa!<\/p>\n<p>Pronto! Cen\u00e1rio perfeito para a mente. E ela simplesmente quer proteger. E para proteger, refor\u00e7a o padr\u00e3o \u2013\u201cSe voc\u00ea falar, ser\u00e1 uma besteira, v\u00e3o ca\u00e7oar de voc\u00ea&#8230;\u201d<\/p>\n<p>E como a hipnoterapia pode ajudar?<br \/>\nQuando falamos em lidar com as emo\u00e7\u00f5es, a hipnoterapia tem ganho cada vez mais adeptos.<br \/>\nVelocidade, intensidade e transforma\u00e7\u00e3o, s\u00e3o palavras comuns e que escutamos ao final das sess\u00f5es.<\/p>\n<p><strong>O que \u00e9 hipnoterapia?<\/strong><\/p>\n<p>A hipnoterapia (ou hipnose cl\u00ednica) \u00e9 a aplica\u00e7\u00e3o de t\u00e9cnicas hipn\u00f3ticas como ferramenta terap\u00eautica. A terapia \u00e9 utilizada como aux\u00edlio para o tratamento de transtornos emocionais, f\u00edsicos, psicol\u00f3gicos, h\u00e1bitos e sentimentos indesej\u00e1veis.<br \/>\nDurante as sess\u00f5es, o papel do hipnoterapeuta \u00e9 ajudar o paciente a identificar esses eventos causadores e ajudar o cliente a confront\u00e1-los, para que o transtorno possa ser tratado com efic\u00e1cia e o indiv\u00edduo possa ter sua qualidade de vida restabelecida. Se tratamos a causa, acreditamos que eliminamos a consequ\u00eancia.<\/p>\n<p>&nbsp;<\/p>\n<p><strong>Ao longo dos anos a hipnoterapia tem se mostrado eficiente como ferramenta de aux\u00edlio no tratamento de dist\u00farbios como depress\u00e3o, fobias, ansiedade, TOC, traumas, compuls\u00f5es alimentares, quest\u00f5es sexuais, obsess\u00f5es, dentre outros transtornos emocionais.<\/strong><\/p>\n<p>N\u00e3o existe limite para a hipnoterapia. O importante \u00e9 que voc\u00ea tenha sempre o acompanhamento do seu m\u00e9dico, psic\u00f3logo, psiquiatra, envolvido no seu tratamento.<\/p>\n<p>A t\u00e9cnica pode prejudicar a mente?<\/p>\n<p>Pelo contr\u00e1rio! A hipnose reabilita a energia do hipnotizado e suaviza os sentimentos, deixando a mente mais leve para aproveitar a vida.<\/p>\n<p>&nbsp;<\/p>\n<p>&nbsp;<\/p>\n<figure id=\"attachment_217\" aria-describedby=\"caption-attachment-217\" style=\"width: 300px\" class=\"wp-caption aligncenter\"><img loading=\"lazy\" decoding=\"async\" class=\"size-medium wp-image-217\" src=\"http:\/\/levycorrea.com.br\/2016\/wp-content\/uploads\/2017\/11\/Forma\u00e7\u00e3o_Hipnose_Clinica-300x300.jpg\" alt=\"\" width=\"300\" height=\"300\" srcset=\"https:\/\/levycorrea.com.br\/2016\/wp-content\/uploads\/2017\/11\/Forma\u00e7\u00e3o_Hipnose_Clinica-300x300.jpg 300w, https:\/\/levycorrea.com.br\/2016\/wp-content\/uploads\/2017\/11\/Forma\u00e7\u00e3o_Hipnose_Clinica-150x150.jpg 150w, https:\/\/levycorrea.com.br\/2016\/wp-content\/uploads\/2017\/11\/Forma\u00e7\u00e3o_Hipnose_Clinica-768x768.jpg 768w, https:\/\/levycorrea.com.br\/2016\/wp-content\/uploads\/2017\/11\/Forma\u00e7\u00e3o_Hipnose_Clinica-800x800.jpg 800w, https:\/\/levycorrea.com.br\/2016\/wp-content\/uploads\/2017\/11\/Forma\u00e7\u00e3o_Hipnose_Clinica.jpg 960w\" sizes=\"auto, (max-width: 300px) 100vw, 300px\" \/><figcaption id=\"caption-attachment-217\" class=\"wp-caption-text\"><strong>Recebendo certificado de hipnose clinica com Lucas Naves<\/strong><\/figcaption><\/figure>\n<figure id=\"attachment_232\" aria-describedby=\"caption-attachment-232\" style=\"width: 276px\" class=\"wp-caption aligncenter\"><img loading=\"lazy\" decoding=\"async\" class=\"wp-image-232 \" src=\"http:\/\/levycorrea.com.br\/2016\/wp-content\/uploads\/2018\/03\/LevyCorrea_e_FabioPuentes-240x300.jpg\" alt=\"\" width=\"276\" height=\"345\" srcset=\"https:\/\/levycorrea.com.br\/2016\/wp-content\/uploads\/2018\/03\/LevyCorrea_e_FabioPuentes-240x300.jpg 240w, https:\/\/levycorrea.com.br\/2016\/wp-content\/uploads\/2018\/03\/LevyCorrea_e_FabioPuentes.jpg 768w\" sizes=\"auto, (max-width: 276px) 100vw, 276px\" \/><figcaption id=\"caption-attachment-232\" class=\"wp-caption-text\"><strong>Recebendo certificado de Hipn\u00f3logo Cl\u00ednico de F\u00e1bio Puentes<\/strong><\/figcaption><\/figure>\n<figure id=\"attachment_246\" aria-describedby=\"caption-attachment-246\" style=\"width: 281px\" class=\"wp-caption aligncenter\"><img loading=\"lazy\" decoding=\"async\" class=\" wp-image-246\" src=\"http:\/\/levycorrea.com.br\/2016\/wp-content\/uploads\/2019\/01\/diploma_Hipnoterapeuta_Omni_com_Rafael_Kraisch-150x150.jpg\" alt=\"\" width=\"281\" height=\"281\" srcset=\"https:\/\/levycorrea.com.br\/2016\/wp-content\/uploads\/2019\/01\/diploma_Hipnoterapeuta_Omni_com_Rafael_Kraisch-150x150.jpg 150w, https:\/\/levycorrea.com.br\/2016\/wp-content\/uploads\/2019\/01\/diploma_Hipnoterapeuta_Omni_com_Rafael_Kraisch-300x300.jpg 300w, https:\/\/levycorrea.com.br\/2016\/wp-content\/uploads\/2019\/01\/diploma_Hipnoterapeuta_Omni_com_Rafael_Kraisch-768x768.jpg 768w, https:\/\/levycorrea.com.br\/2016\/wp-content\/uploads\/2019\/01\/diploma_Hipnoterapeuta_Omni_com_Rafael_Kraisch-800x800.jpg 800w, https:\/\/levycorrea.com.br\/2016\/wp-content\/uploads\/2019\/01\/diploma_Hipnoterapeuta_Omni_com_Rafael_Kraisch.jpg 960w\" sizes=\"auto, (max-width: 281px) 100vw, 281px\" \/><figcaption id=\"caption-attachment-246\" class=\"wp-caption-text\"><strong>Recebendo certificado de Hipnoterapeuta Omni com Rafael Kraisch<\/strong><\/figcaption><\/figure>\n<p>Quer conhecer mais alguns mitos da Hipnose? Veja em: Levy Corr\u00eaa no Facebook ou @correa.levy no Instagram.<\/p>\n<p>Quer saber mais a respeito da hipnoterapia?<\/p>\n<p>Envie uma mensagem!<\/p>\n<p>Voc\u00ea pode +<\/p>\n<p>Levy Corr\u00eaa<br \/>\nLapidando talentos<br \/>\n<a class=\"_58cn\" href=\"https:\/\/www.facebook.com\/hashtag\/coaching?source=feed_text&amp;epa=HASHTAG&amp;__xts__%5B0%5D=68.ARClrEUGlLBATovuLf3Li0a1I-jkgey0zoPkAuj2KIVg_jgOhKvIkbLuHFPcDmJXwaRlrE0btVABDaE-kkI3XniUsUWHTM8vUk0scztBmZEEvMDJJ8Vghou_7eYfWX5oycA6tNJmC2x_wXUM_QxnFhrdIji3SepAnsNNiyenE00CJiyyi7CT-xzrl9eyfSvLn-FYVyeAni77HpnGIof8m3FlvdJdeHrtHaDMRgMuUmF-0vZxlHQGwZyb-WS3cteIw-KgDedloAH58AOxKlSnR2faTt7pfmCbPn10&amp;__tn__=%2ANK-R\" data-ft=\"{&quot;type&quot;:104,&quot;tn&quot;:&quot;*N&quot;}\"><span class=\"_5afx\"><span class=\"_58cl _5afz\" aria-label=\"hashtag\">#<\/span><span class=\"_58cm\">coaching<\/span><\/span><\/a>\u00a0<a class=\"_58cn\" href=\"https:\/\/www.facebook.com\/hashtag\/pnl?source=feed_text&amp;epa=HASHTAG&amp;__xts__%5B0%5D=68.ARClrEUGlLBATovuLf3Li0a1I-jkgey0zoPkAuj2KIVg_jgOhKvIkbLuHFPcDmJXwaRlrE0btVABDaE-kkI3XniUsUWHTM8vUk0scztBmZEEvMDJJ8Vghou_7eYfWX5oycA6tNJmC2x_wXUM_QxnFhrdIji3SepAnsNNiyenE00CJiyyi7CT-xzrl9eyfSvLn-FYVyeAni77HpnGIof8m3FlvdJdeHrtHaDMRgMuUmF-0vZxlHQGwZyb-WS3cteIw-KgDedloAH58AOxKlSnR2faTt7pfmCbPn10&amp;__tn__=%2ANK-R\" data-ft=\"{&quot;type&quot;:104,&quot;tn&quot;:&quot;*N&quot;}\"><span class=\"_5afx\"><span class=\"_58cl _5afz\" aria-label=\"hashtag\">#<\/span><span class=\"_58cm\">PNL<\/span><\/span><\/a>\u00a0<a class=\"_58cn\" href=\"https:\/\/www.facebook.com\/hashtag\/hipnose?source=feed_text&amp;epa=HASHTAG&amp;__xts__%5B0%5D=68.ARClrEUGlLBATovuLf3Li0a1I-jkgey0zoPkAuj2KIVg_jgOhKvIkbLuHFPcDmJXwaRlrE0btVABDaE-kkI3XniUsUWHTM8vUk0scztBmZEEvMDJJ8Vghou_7eYfWX5oycA6tNJmC2x_wXUM_QxnFhrdIji3SepAnsNNiyenE00CJiyyi7CT-xzrl9eyfSvLn-FYVyeAni77HpnGIof8m3FlvdJdeHrtHaDMRgMuUmF-0vZxlHQGwZyb-WS3cteIw-KgDedloAH58AOxKlSnR2faTt7pfmCbPn10&amp;__tn__=%2ANK-R\" data-ft=\"{&quot;type&quot;:104,&quot;tn&quot;:&quot;*N&quot;}\"><span class=\"_5afx\"><span class=\"_58cl _5afz\" aria-label=\"hashtag\">#<\/span><span class=\"_58cm\">hipnose<\/span><\/span><\/a>\u00a0<a class=\"_58cn\" href=\"https:\/\/www.facebook.com\/hashtag\/hipnoseclinica?source=feed_text&amp;epa=HASHTAG&amp;__xts__%5B0%5D=68.ARClrEUGlLBATovuLf3Li0a1I-jkgey0zoPkAuj2KIVg_jgOhKvIkbLuHFPcDmJXwaRlrE0btVABDaE-kkI3XniUsUWHTM8vUk0scztBmZEEvMDJJ8Vghou_7eYfWX5oycA6tNJmC2x_wXUM_QxnFhrdIji3SepAnsNNiyenE00CJiyyi7CT-xzrl9eyfSvLn-FYVyeAni77HpnGIof8m3FlvdJdeHrtHaDMRgMuUmF-0vZxlHQGwZyb-WS3cteIw-KgDedloAH58AOxKlSnR2faTt7pfmCbPn10&amp;__tn__=%2ANK-R\" data-ft=\"{&quot;type&quot;:104,&quot;tn&quot;:&quot;*N&quot;}\"><span class=\"_5afx\"><span class=\"_58cl _5afz\" aria-label=\"hashtag\">#<\/span><span class=\"_58cm\">hipnoseclinica<\/span><\/span><\/a>\u00a0<a class=\"_58cn\" href=\"https:\/\/www.facebook.com\/hashtag\/hipnoterapia?source=feed_text&amp;epa=HASHTAG&amp;__xts__%5B0%5D=68.ARClrEUGlLBATovuLf3Li0a1I-jkgey0zoPkAuj2KIVg_jgOhKvIkbLuHFPcDmJXwaRlrE0btVABDaE-kkI3XniUsUWHTM8vUk0scztBmZEEvMDJJ8Vghou_7eYfWX5oycA6tNJmC2x_wXUM_QxnFhrdIji3SepAnsNNiyenE00CJiyyi7CT-xzrl9eyfSvLn-FYVyeAni77HpnGIof8m3FlvdJdeHrtHaDMRgMuUmF-0vZxlHQGwZyb-WS3cteIw-KgDedloAH58AOxKlSnR2faTt7pfmCbPn10&amp;__tn__=%2ANK-R\" data-ft=\"{&quot;type&quot;:104,&quot;tn&quot;:&quot;*N&quot;}\"><span class=\"_5afx\"><span class=\"_58cl _5afz\" aria-label=\"hashtag\">#<\/span><span class=\"_58cm\">hipnoterapia<\/span><\/span><\/a><br \/>\n<a class=\"_58cn\" href=\"https:\/\/www.facebook.com\/hashtag\/treinamentos?source=feed_text&amp;epa=HASHTAG&amp;__xts__%5B0%5D=68.ARClrEUGlLBATovuLf3Li0a1I-jkgey0zoPkAuj2KIVg_jgOhKvIkbLuHFPcDmJXwaRlrE0btVABDaE-kkI3XniUsUWHTM8vUk0scztBmZEEvMDJJ8Vghou_7eYfWX5oycA6tNJmC2x_wXUM_QxnFhrdIji3SepAnsNNiyenE00CJiyyi7CT-xzrl9eyfSvLn-FYVyeAni77HpnGIof8m3FlvdJdeHrtHaDMRgMuUmF-0vZxlHQGwZyb-WS3cteIw-KgDedloAH58AOxKlSnR2faTt7pfmCbPn10&amp;__tn__=%2ANK-R\" data-ft=\"{&quot;type&quot;:104,&quot;tn&quot;:&quot;*N&quot;}\"><span class=\"_5afx\"><span class=\"_58cl _5afz\" aria-label=\"hashtag\">#<\/span><span class=\"_58cm\">treinamentos<\/span><\/span><\/a>\u00a0<a class=\"_58cn\" href=\"https:\/\/www.facebook.com\/hashtag\/palestras?source=feed_text&amp;epa=HASHTAG&amp;__xts__%5B0%5D=68.ARClrEUGlLBATovuLf3Li0a1I-jkgey0zoPkAuj2KIVg_jgOhKvIkbLuHFPcDmJXwaRlrE0btVABDaE-kkI3XniUsUWHTM8vUk0scztBmZEEvMDJJ8Vghou_7eYfWX5oycA6tNJmC2x_wXUM_QxnFhrdIji3SepAnsNNiyenE00CJiyyi7CT-xzrl9eyfSvLn-FYVyeAni77HpnGIof8m3FlvdJdeHrtHaDMRgMuUmF-0vZxlHQGwZyb-WS3cteIw-KgDedloAH58AOxKlSnR2faTt7pfmCbPn10&amp;__tn__=%2ANK-R\" data-ft=\"{&quot;type&quot;:104,&quot;tn&quot;:&quot;*N&quot;}\"><span class=\"_5afx\"><span class=\"_58cl _5afz\" aria-label=\"hashtag\">#<\/span><span class=\"_58cm\">palestras<\/span><\/span><\/a><\/p>\n<p>Fale conosco e n\u00e3o esconda o seu brilho!<\/p>\n<p>levy@levycorrea.com.br<\/p>\n<p> <a href=\"https:\/\/bit.ly\/2FKF8sr\" target=\"_blank\" rel=\"noopener noreferrer\"> Confira Depoimentos de Clientes Atendidos<\/a><\/p>\n<p><a href=\"https:\/\/bit.ly\/2rdd2S7\" target=\"_blank\" rel=\"noopener noreferrer\"> Confira Mais Informa\u00e7\u00f5es no Blog<\/a><\/p>\n<p>&nbsp;<\/p>\n<p>&nbsp;<\/p>\n<p>&nbsp;<\/p>\n<p>&nbsp;<\/p>\n<p>&nbsp;<\/p>\n<p>&nbsp;<\/p>\n","protected":false},"excerpt":{"rendered":"<p>PSICOTERAPIA PSICANALITICA A psicoterapia psicanal\u00edtica \u00e9 um tipo de abordagem terap\u00eautica que se baseia na teoria psicanal\u00edtica desenvolvida por Sigmund Freud e seus seguidores. Essa forma de terapia tem como objetivo explorar os processos inconscientes que influenciam o comportamento e os padr\u00f5es emocionais do indiv\u00edduo. O fundamento da psicoterapia psicanal\u00edtica \u00e9 a ideia de que [&hellip;]<\/p>\n","protected":false},"author":2,"featured_media":0,"parent":92,"menu_order":0,"comment_status":"closed","ping_status":"closed","template":"","meta":{"footnotes":""},"class_list":["post-173","page","type-page","status-publish","hentry"],"_links":{"self":[{"href":"https:\/\/levycorrea.com.br\/2016\/wp-json\/wp\/v2\/pages\/173","targetHints":{"allow":["GET"]}}],"collection":[{"href":"https:\/\/levycorrea.com.br\/2016\/wp-json\/wp\/v2\/pages"}],"about":[{"href":"https:\/\/levycorrea.com.br\/2016\/wp-json\/wp\/v2\/types\/page"}],"author":[{"embeddable":true,"href":"https:\/\/levycorrea.com.br\/2016\/wp-json\/wp\/v2\/users\/2"}],"replies":[{"embeddable":true,"href":"https:\/\/levycorrea.com.br\/2016\/wp-json\/wp\/v2\/comments?post=173"}],"version-history":[{"count":20,"href":"https:\/\/levycorrea.com.br\/2016\/wp-json\/wp\/v2\/pages\/173\/revisions"}],"predecessor-version":[{"id":416,"href":"https:\/\/levycorrea.com.br\/2016\/wp-json\/wp\/v2\/pages\/173\/revisions\/416"}],"up":[{"embeddable":true,"href":"https:\/\/levycorrea.com.br\/2016\/wp-json\/wp\/v2\/pages\/92"}],"wp:attachment":[{"href":"https:\/\/levycorrea.com.br\/2016\/wp-json\/wp\/v2\/media?parent=173"}],"curies":[{"name":"wp","href":"https:\/\/api.w.org\/{rel}","templated":true}]}}