{"id":101,"date":"2016-10-26T11:10:45","date_gmt":"2016-10-26T13:10:45","guid":{"rendered":"http:\/\/levycorrea.com.br\/?page_id=101"},"modified":"2023-07-10T19:12:54","modified_gmt":"2023-07-10T22:12:54","slug":"treinamentos","status":"publish","type":"page","link":"https:\/\/levycorrea.com.br\/2016\/treinamentos\/","title":{"rendered":"Treinamentos Customizados"},"content":{"rendered":"<p style=\"text-align: center;\"><strong>Treinamentos customizados para l\u00edderes e equipes:<\/strong><\/p>\n<p>&nbsp;<\/p>\n<h3 style=\"text-align: center;\">Desenvolvimento de l\u00edderes e equipes &#8211; Al\u00e9m do convencional<\/h3>\n<p><img loading=\"lazy\" decoding=\"async\" class=\"alignnone size-medium wp-image-156 aligncenter\" src=\"http:\/\/levycorrea.com.br\/2016\/wp-content\/uploads\/2017\/02\/Lideran\u00e7a-300x200.jpg\" alt=\"\" width=\"300\" height=\"200\" srcset=\"https:\/\/levycorrea.com.br\/2016\/wp-content\/uploads\/2017\/02\/Lideran\u00e7a-300x200.jpg 300w, https:\/\/levycorrea.com.br\/2016\/wp-content\/uploads\/2017\/02\/Lideran\u00e7a-768x512.jpg 768w, https:\/\/levycorrea.com.br\/2016\/wp-content\/uploads\/2017\/02\/Lideran\u00e7a-1024x683.jpg 1024w, https:\/\/levycorrea.com.br\/2016\/wp-content\/uploads\/2017\/02\/Lideran\u00e7a-600x400.jpg 600w, https:\/\/levycorrea.com.br\/2016\/wp-content\/uploads\/2017\/02\/Lideran\u00e7a.jpg 1200w\" sizes=\"auto, (max-width: 300px) 100vw, 300px\" \/><\/p>\n<p><em>Este \u00e9 o espa\u00e7o pra voc\u00ea que quer atingir resultados significativos, fortalecer o relacionamento e a comunica\u00e7\u00e3o com a sua equipe, desenvolver novas ferramentas, despertar a criatividade, delegar, \u00a0inspirar para alcan\u00e7ar melhores resultados.<\/em><\/p>\n<p>Que tal fortalecer \u00a0e aumentar a sua autoconfian\u00e7a, tomada de deci\u00e7\u00f5es ampliar o relacionamento e vender melhor as suas ideias de forma mais assertiva?<\/p>\n<p>&nbsp;<\/p>\n<p style=\"text-align: center;\"><strong>Alguns de nossos temas:<\/strong><\/p>\n<p>&nbsp;<\/p>\n<p style=\"text-align: center;\"><strong><em>Feedback<\/em><\/strong><\/p>\n<p><img loading=\"lazy\" decoding=\"async\" class=\"alignnone size-medium wp-image-153 aligncenter\" src=\"http:\/\/levycorrea.com.br\/2016\/wp-content\/uploads\/2017\/02\/Feedback-300x200.jpg\" alt=\"\" width=\"300\" height=\"200\" srcset=\"https:\/\/levycorrea.com.br\/2016\/wp-content\/uploads\/2017\/02\/Feedback-300x200.jpg 300w, https:\/\/levycorrea.com.br\/2016\/wp-content\/uploads\/2017\/02\/Feedback-768x512.jpg 768w, https:\/\/levycorrea.com.br\/2016\/wp-content\/uploads\/2017\/02\/Feedback-1024x683.jpg 1024w, https:\/\/levycorrea.com.br\/2016\/wp-content\/uploads\/2017\/02\/Feedback-600x400.jpg 600w, https:\/\/levycorrea.com.br\/2016\/wp-content\/uploads\/2017\/02\/Feedback.jpg 1200w\" sizes=\"auto, (max-width: 300px) 100vw, 300px\" \/><\/p>\n<p><strong><em>Administra\u00e7\u00e3o de conflitos<\/em><\/strong><\/p>\n<p><strong><em>Intelig\u00eancia emocional<\/em><\/strong><\/p>\n<p><strong><em>Tomada de decis\u00e3o<\/em><\/strong><\/p>\n<p><strong><em>Criatividade e inova\u00e7\u00e3o<\/em><\/strong><\/p>\n<p><strong><em>Trabalho em equipe<\/em><\/strong><\/p>\n<p><strong><em>Delega\u00e7\u00e3o e autonomia<\/em><\/strong><\/p>\n<p style=\"text-align: center;\"><strong><em>Comunica\u00e7\u00e3o verbal e n\u00e3o verbal e apresenta\u00e7\u00f5es de impacto<\/em><\/strong><\/p>\n<p><img loading=\"lazy\" decoding=\"async\" class=\"alignnone size-medium wp-image-84 aligncenter\" src=\"http:\/\/levycorrea.com.br\/2016\/wp-content\/uploads\/2016\/10\/WhatsApp-Image-2016-10-25-at-11.15.02-e1485560381348-300x224.jpeg\" alt=\"\" width=\"300\" height=\"224\" srcset=\"https:\/\/levycorrea.com.br\/2016\/wp-content\/uploads\/2016\/10\/WhatsApp-Image-2016-10-25-at-11.15.02-e1485560381348-300x224.jpeg 300w, https:\/\/levycorrea.com.br\/2016\/wp-content\/uploads\/2016\/10\/WhatsApp-Image-2016-10-25-at-11.15.02-e1485560381348-393x295.jpeg 393w, https:\/\/levycorrea.com.br\/2016\/wp-content\/uploads\/2016\/10\/WhatsApp-Image-2016-10-25-at-11.15.02-e1485560381348.jpeg 565w\" sizes=\"auto, (max-width: 300px) 100vw, 300px\" \/><\/p>\n<p>&nbsp;<\/p>\n<p style=\"text-align: center;\"><strong><em>Administra\u00e7\u00e3o do tempo<\/em><\/strong><\/p>\n<p><img loading=\"lazy\" decoding=\"async\" class=\"alignnone size-medium wp-image-152 aligncenter\" src=\"http:\/\/levycorrea.com.br\/2016\/wp-content\/uploads\/2017\/02\/Melhor_aproveitamento_do_tempo-300x200.jpg\" alt=\"\" width=\"300\" height=\"200\" srcset=\"https:\/\/levycorrea.com.br\/2016\/wp-content\/uploads\/2017\/02\/Melhor_aproveitamento_do_tempo-300x200.jpg 300w, https:\/\/levycorrea.com.br\/2016\/wp-content\/uploads\/2017\/02\/Melhor_aproveitamento_do_tempo-768x512.jpg 768w, https:\/\/levycorrea.com.br\/2016\/wp-content\/uploads\/2017\/02\/Melhor_aproveitamento_do_tempo-1024x683.jpg 1024w, https:\/\/levycorrea.com.br\/2016\/wp-content\/uploads\/2017\/02\/Melhor_aproveitamento_do_tempo-600x400.jpg 600w, https:\/\/levycorrea.com.br\/2016\/wp-content\/uploads\/2017\/02\/Melhor_aproveitamento_do_tempo.jpg 1200w\" sizes=\"auto, (max-width: 300px) 100vw, 300px\" \/><\/p>\n<p>&nbsp;<\/p>\n<p style=\"text-align: center;\"><strong>Negocia\u00e7\u00e3o<\/strong><\/p>\n<p style=\"text-align: center;\"><img loading=\"lazy\" decoding=\"async\" class=\"alignnone size-medium wp-image-63\" src=\"http:\/\/levycorrea.com.br\/2016\/wp-content\/uploads\/2016\/10\/0cbdf0_b11cf297bcde4ac7842383c9c9bcf539-mv2-293x300.png\" alt=\"\" width=\"293\" height=\"300\" srcset=\"https:\/\/levycorrea.com.br\/2016\/wp-content\/uploads\/2016\/10\/0cbdf0_b11cf297bcde4ac7842383c9c9bcf539-mv2-293x300.png 293w, https:\/\/levycorrea.com.br\/2016\/wp-content\/uploads\/2016\/10\/0cbdf0_b11cf297bcde4ac7842383c9c9bcf539-mv2.png 490w\" sizes=\"auto, (max-width: 293px) 100vw, 293px\" \/><\/p>\n<p style=\"text-align: center;\">Imagine voc\u00ea mais persuasivo em suas apresenta\u00e7\u00f5es e negocia\u00e7\u00f5es?<\/p>\n<p id=\"NTk4ODg0\" class=\"frase fr\" style=\"text-align: center;\">&#8220;A maior habilidade de um l\u00edder \u00e9 desenvolver habilidades extraordin\u00e1rias em pessoas comuns&#8221;.<\/p>\n<p style=\"text-align: center;\"><span class=\"autor\">Abraham Lincoln<\/span><\/p>\n<h3><\/h3>\n<h3 style=\"text-align: center;\">EXCEL\u00caNCIA NO ATENDIMENTO A CLIENTES<\/h3>\n<p><img loading=\"lazy\" decoding=\"async\" class=\"alignnone size-medium wp-image-155 aligncenter\" src=\"http:\/\/levycorrea.com.br\/2016\/wp-content\/uploads\/2017\/02\/Atendimento-300x200.jpg\" alt=\"\" width=\"300\" height=\"200\" srcset=\"https:\/\/levycorrea.com.br\/2016\/wp-content\/uploads\/2017\/02\/Atendimento-300x200.jpg 300w, https:\/\/levycorrea.com.br\/2016\/wp-content\/uploads\/2017\/02\/Atendimento-768x512.jpg 768w, https:\/\/levycorrea.com.br\/2016\/wp-content\/uploads\/2017\/02\/Atendimento-1024x683.jpg 1024w, https:\/\/levycorrea.com.br\/2016\/wp-content\/uploads\/2017\/02\/Atendimento-600x400.jpg 600w, https:\/\/levycorrea.com.br\/2016\/wp-content\/uploads\/2017\/02\/Atendimento.jpg 1200w\" sizes=\"auto, (max-width: 300px) 100vw, 300px\" \/><\/p>\n<p><em>Quem \u00e9 o cliente de hoje?<\/em><br \/>\n<em> Foco no cliente ou foco do cliente?<\/em><br \/>\n<em> Comunica\u00e7\u00e3o verbal e n\u00e3o verbal no atendimento;<\/em><br \/>\n<em> Compet\u00eancias fundamentais para o profissional de atendimento.<\/em><\/p>\n<p>&#8220;As empresas existem para criar e preservar seus clientes. N\u00e3o para criar produtos, como muita gente imagina. Os produtos s\u00e3o ef\u00eameros; os clientes n\u00e3o&#8221;.<\/p>\n<p><span class=\"autor\">Don Peppers<\/span><\/p>\n<p>&nbsp;<\/p>\n<h3>MOTIVA\u00c7\u00c3O E SUPERA\u00c7\u00c3O<\/h3>\n<h5>Sua equipe est\u00e1 desmotivada? Os resultados n\u00e3o est\u00e3o sendo atingidos?<br \/>\nD\u00ea uma dose de motiva\u00e7\u00e3o a ela!<\/h5>\n<ul>\n<li><em>Motiva\u00e7\u00e3o<\/em><\/li>\n<li><em>Automotiva\u00e7\u00e3o<\/em><\/li>\n<li><em>Autodesenvolvimento<\/em><\/li>\n<\/ul>\n<p id=\"Njgx\" class=\"frase fr0\">&#8220;Nada lhe posso dar que j\u00e1 n\u00e3o exista em voc\u00ea mesmo. N\u00e3o posso abrir-lhe outro mundo de imagens, al\u00e9m daquele que h\u00e1 em sua pr\u00f3pria alma. Nada lhe posso dar a n\u00e3o ser a oportunidade, o impulso, a chave. Eu o ajudarei a tornar vis\u00edvel o seu pr\u00f3prio mundo, e isso \u00e9 tudo&#8221;.<\/p>\n<p><span class=\"autor\">Hermann Hesse<\/span><\/p>\n<p>&nbsp;<\/p>\n<h3 style=\"text-align: center;\">VENDAS<\/h3>\n<p><img loading=\"lazy\" decoding=\"async\" class=\"alignnone size-medium wp-image-154 aligncenter\" src=\"http:\/\/levycorrea.com.br\/2016\/wp-content\/uploads\/2017\/02\/MMkt_vendas-300x200.jpg\" alt=\"\" width=\"300\" height=\"200\" srcset=\"https:\/\/levycorrea.com.br\/2016\/wp-content\/uploads\/2017\/02\/MMkt_vendas-300x200.jpg 300w, https:\/\/levycorrea.com.br\/2016\/wp-content\/uploads\/2017\/02\/MMkt_vendas-768x512.jpg 768w, https:\/\/levycorrea.com.br\/2016\/wp-content\/uploads\/2017\/02\/MMkt_vendas-1024x683.jpg 1024w, https:\/\/levycorrea.com.br\/2016\/wp-content\/uploads\/2017\/02\/MMkt_vendas-600x400.jpg 600w, https:\/\/levycorrea.com.br\/2016\/wp-content\/uploads\/2017\/02\/MMkt_vendas.jpg 1200w\" sizes=\"auto, (max-width: 300px) 100vw, 300px\" \/><\/p>\n<p><strong>O que compramos?<\/strong><\/p>\n<p>Voc\u00ea quer vender mais? Porque?<\/p>\n<ul>\n<li>O novo perfil do comprador;<\/li>\n<li>Habilidade para fazer perguntas;<\/li>\n<li>Venda solu\u00e7\u00f5es e entregue o seu produto;<\/li>\n<li>Desconbrindo o real interesse para entregar solu\u00e7\u00f5es;<\/li>\n<li>Descobrindo e revertendo obje\u00e7\u00f5es;<\/li>\n<li>Fechando a venda e criando relacionamento;<\/li>\n<li>Transformando o cliente em f\u00e3 do seu neg\u00f3cio;<\/li>\n<li>O Perfil do vendedor de sucesso;<\/li>\n<\/ul>\n<p>&nbsp;<\/p>\n<p><img loading=\"lazy\" decoding=\"async\" class=\"size-medium wp-image-144 aligncenter\" src=\"http:\/\/levycorrea.com.br\/2016\/wp-content\/uploads\/2017\/01\/IMG_9799a-200x300.jpg\" alt=\"\" width=\"200\" height=\"300\" srcset=\"https:\/\/levycorrea.com.br\/2016\/wp-content\/uploads\/2017\/01\/IMG_9799a-200x300.jpg 200w, https:\/\/levycorrea.com.br\/2016\/wp-content\/uploads\/2017\/01\/IMG_9799a-768x1152.jpg 768w, https:\/\/levycorrea.com.br\/2016\/wp-content\/uploads\/2017\/01\/IMG_9799a-683x1024.jpg 683w\" sizes=\"auto, (max-width: 200px) 100vw, 200px\" \/><\/p>\n<p style=\"text-align: center;\"><strong>&#8220;N\u00e3o existe cliente inativo.\u00a0O inativo \u00e9 o vendedor que n\u00e3o se faz presente na mem\u00f3ria do cliente&#8221;.<\/strong><\/p>\n<p style=\"text-align: center;\"><strong>Quer um treinamento diferente e impactante? Fale com a gente!<\/strong><\/p>\n<p style=\"text-align: center;\"><strong>levy@levycorrea.com.br<\/strong><\/p>\n<p style=\"text-align: center;\"><strong>Lapidando Talentos<\/strong><\/p>\n<p style=\"text-align: center;\"><img loading=\"lazy\" decoding=\"async\" class=\"alignnone size-medium wp-image-204\" src=\"http:\/\/levycorrea.com.br\/2016\/wp-content\/uploads\/2017\/11\/Treinamento_Desktop_3-300x225.jpg\" alt=\"\" width=\"300\" height=\"225\" srcset=\"https:\/\/levycorrea.com.br\/2016\/wp-content\/uploads\/2017\/11\/Treinamento_Desktop_3-300x225.jpg 300w, https:\/\/levycorrea.com.br\/2016\/wp-content\/uploads\/2017\/11\/Treinamento_Desktop_3-768x576.jpg 768w, https:\/\/levycorrea.com.br\/2016\/wp-content\/uploads\/2017\/11\/Treinamento_Desktop_3-393x295.jpg 393w, https:\/\/levycorrea.com.br\/2016\/wp-content\/uploads\/2017\/11\/Treinamento_Desktop_3-786x590.jpg 786w, https:\/\/levycorrea.com.br\/2016\/wp-content\/uploads\/2017\/11\/Treinamento_Desktop_3.jpg 960w\" sizes=\"auto, (max-width: 300px) 100vw, 300px\" \/> <img loading=\"lazy\" decoding=\"async\" class=\"alignnone size-medium wp-image-205\" src=\"http:\/\/levycorrea.com.br\/2016\/wp-content\/uploads\/2017\/11\/Treinamento_empicamp_2-300x281.jpg\" alt=\"\" width=\"300\" height=\"281\" srcset=\"https:\/\/levycorrea.com.br\/2016\/wp-content\/uploads\/2017\/11\/Treinamento_empicamp_2-300x281.jpg 300w, https:\/\/levycorrea.com.br\/2016\/wp-content\/uploads\/2017\/11\/Treinamento_empicamp_2-768x718.jpg 768w, https:\/\/levycorrea.com.br\/2016\/wp-content\/uploads\/2017\/11\/Treinamento_empicamp_2.jpg 960w\" sizes=\"auto, (max-width: 300px) 100vw, 300px\" \/> <img loading=\"lazy\" decoding=\"async\" class=\"alignnone size-medium wp-image-206\" src=\"http:\/\/levycorrea.com.br\/2016\/wp-content\/uploads\/2017\/11\/palestra_empicamp-300x255.jpg\" alt=\"\" width=\"300\" height=\"255\" srcset=\"https:\/\/levycorrea.com.br\/2016\/wp-content\/uploads\/2017\/11\/palestra_empicamp-300x255.jpg 300w, https:\/\/levycorrea.com.br\/2016\/wp-content\/uploads\/2017\/11\/palestra_empicamp-768x654.jpg 768w, https:\/\/levycorrea.com.br\/2016\/wp-content\/uploads\/2017\/11\/palestra_empicamp.jpg 960w\" sizes=\"auto, (max-width: 300px) 100vw, 300px\" \/> <img loading=\"lazy\" decoding=\"async\" class=\"alignnone size-medium wp-image-207\" src=\"http:\/\/levycorrea.com.br\/2016\/wp-content\/uploads\/2017\/11\/Palestra_Quatre-300x229.jpg\" alt=\"\" width=\"300\" height=\"229\" srcset=\"https:\/\/levycorrea.com.br\/2016\/wp-content\/uploads\/2017\/11\/Palestra_Quatre-300x229.jpg 300w, https:\/\/levycorrea.com.br\/2016\/wp-content\/uploads\/2017\/11\/Palestra_Quatre-768x586.jpg 768w, https:\/\/levycorrea.com.br\/2016\/wp-content\/uploads\/2017\/11\/Palestra_Quatre.jpg 960w\" sizes=\"auto, (max-width: 300px) 100vw, 300px\" \/> <img loading=\"lazy\" decoding=\"async\" class=\"alignnone size-medium wp-image-208\" src=\"http:\/\/levycorrea.com.br\/2016\/wp-content\/uploads\/2017\/11\/Treinamento_WeAudit-300x224.jpg\" alt=\"\" width=\"300\" height=\"224\" srcset=\"https:\/\/levycorrea.com.br\/2016\/wp-content\/uploads\/2017\/11\/Treinamento_WeAudit-300x224.jpg 300w, https:\/\/levycorrea.com.br\/2016\/wp-content\/uploads\/2017\/11\/Treinamento_WeAudit-768x574.jpg 768w, https:\/\/levycorrea.com.br\/2016\/wp-content\/uploads\/2017\/11\/Treinamento_WeAudit-393x295.jpg 393w, https:\/\/levycorrea.com.br\/2016\/wp-content\/uploads\/2017\/11\/Treinamento_WeAudit-786x590.jpg 786w, https:\/\/levycorrea.com.br\/2016\/wp-content\/uploads\/2017\/11\/Treinamento_WeAudit.jpg 960w\" sizes=\"auto, (max-width: 300px) 100vw, 300px\" \/> <img loading=\"lazy\" decoding=\"async\" class=\"alignnone size-medium wp-image-209\" src=\"http:\/\/levycorrea.com.br\/2016\/wp-content\/uploads\/2017\/11\/Treinamento_admtempo_levycorrea-300x300.jpg\" alt=\"\" width=\"300\" height=\"300\" srcset=\"https:\/\/levycorrea.com.br\/2016\/wp-content\/uploads\/2017\/11\/Treinamento_admtempo_levycorrea-300x300.jpg 300w, https:\/\/levycorrea.com.br\/2016\/wp-content\/uploads\/2017\/11\/Treinamento_admtempo_levycorrea-150x150.jpg 150w, https:\/\/levycorrea.com.br\/2016\/wp-content\/uploads\/2017\/11\/Treinamento_admtempo_levycorrea-768x768.jpg 768w, https:\/\/levycorrea.com.br\/2016\/wp-content\/uploads\/2017\/11\/Treinamento_admtempo_levycorrea-800x800.jpg 800w, https:\/\/levycorrea.com.br\/2016\/wp-content\/uploads\/2017\/11\/Treinamento_admtempo_levycorrea.jpg 960w\" sizes=\"auto, (max-width: 300px) 100vw, 300px\" \/><\/p>\n<p>&nbsp;<\/p>\n<p>Fale conosco e n\u00e3o esconda o seu brilho!<\/p>\n<p>Levy Corr\u00eaa<\/p>\n<p>levy@leyvcorrea.com.br<\/p>\n","protected":false},"excerpt":{"rendered":"<p>Treinamentos customizados para l\u00edderes e equipes: &nbsp; Desenvolvimento de l\u00edderes e equipes &#8211; Al\u00e9m do convencional Este \u00e9 o espa\u00e7o pra voc\u00ea que quer atingir resultados significativos, fortalecer o relacionamento e a comunica\u00e7\u00e3o com a sua equipe, desenvolver novas ferramentas, despertar a criatividade, delegar, \u00a0inspirar para alcan\u00e7ar melhores resultados. Que tal fortalecer \u00a0e aumentar a [&hellip;]<\/p>\n","protected":false},"author":2,"featured_media":0,"parent":0,"menu_order":0,"comment_status":"closed","ping_status":"closed","template":"","meta":{"footnotes":""},"class_list":["post-101","page","type-page","status-publish","hentry"],"_links":{"self":[{"href":"https:\/\/levycorrea.com.br\/2016\/wp-json\/wp\/v2\/pages\/101","targetHints":{"allow":["GET"]}}],"collection":[{"href":"https:\/\/levycorrea.com.br\/2016\/wp-json\/wp\/v2\/pages"}],"about":[{"href":"https:\/\/levycorrea.com.br\/2016\/wp-json\/wp\/v2\/types\/page"}],"author":[{"embeddable":true,"href":"https:\/\/levycorrea.com.br\/2016\/wp-json\/wp\/v2\/users\/2"}],"replies":[{"embeddable":true,"href":"https:\/\/levycorrea.com.br\/2016\/wp-json\/wp\/v2\/comments?post=101"}],"version-history":[{"count":13,"href":"https:\/\/levycorrea.com.br\/2016\/wp-json\/wp\/v2\/pages\/101\/revisions"}],"predecessor-version":[{"id":391,"href":"https:\/\/levycorrea.com.br\/2016\/wp-json\/wp\/v2\/pages\/101\/revisions\/391"}],"wp:attachment":[{"href":"https:\/\/levycorrea.com.br\/2016\/wp-json\/wp\/v2\/media?parent=101"}],"curies":[{"name":"wp","href":"https:\/\/api.w.org\/{rel}","templated":true}]}}